{"id":188,"date":"2026-02-28T13:52:18","date_gmt":"2026-02-28T13:52:18","guid":{"rendered":"https:\/\/freddenote.de\/?page_id=188"},"modified":"2026-02-28T14:10:48","modified_gmt":"2026-02-28T14:10:48","slug":"presse","status":"publish","type":"page","link":"http:\/\/freddenote.de\/index.php\/presse\/","title":{"rendered":"PRESSE"},"content":{"rendered":"\n<p><a href=\"https:\/\/www.rundschau-online.de\/koeln\/karneval-in-koeln\/koeln-was-die-koelsche-musiklandschaft-abseits-der-etablierten-bands-zu-bieten-hat-935031\" target=\"_blank\" rel=\"noreferrer noopener\">K\u00f6lnische Rundschau &#8211; Was die k\u00f6lsche Musiklandschaft abseits der etablierten Bands zu bieten hat (Artikel)<\/a><\/p>\n\n\n\n<p><a href=\"https:\/\/www.instagram.com\/freddenote\/p\/CR0mzwDhfgG\/\" target=\"_blank\" rel=\"noreferrer noopener\">FluxFM &#8211; Radar (Radio)<\/a><\/p>\n\n\n\n<p><a href=\"https:\/\/www.instagram.com\/freddenote\/p\/CRODNaBBIG6\/?img_index=2\" target=\"_blank\" rel=\"noreferrer noopener\">Radio Fritz &#8211; Dystopia (Radio)<\/a><\/p>\n\n\n\n<p><a href=\"https:\/\/www.rheinische-anzeigenblaetter.de\/pulheim\/c-nachrichten\/koelner-szenegroessen-bringen-ihr-pulheimer-publikum-in-wallung_a85268\" target=\"_blank\" rel=\"noreferrer noopener\">Rheinische Anzeigenbl\u00e4tter &#8211; K\u00f6lner Szenegr\u00f6\u00dfen bringen ihr Pulheimer Publikum in Wallung (Artikel)<\/a><\/p>\n\n\n\n<p><a href=\"https:\/\/www.instagram.com\/p\/DGLchehtTmK\/\" target=\"_blank\" rel=\"noreferrer noopener\">Loss Mer Singe 2025 &#8211; Auftritt (SoMe)<\/a><\/p>\n\n\n\n<p><a href=\"https:\/\/www.instagram.com\/p\/DEZvc2KNBQB\/\" target=\"_blank\" rel=\"noreferrer noopener\">Proberaumgefl\u00fcster Sparkasse \/ Paukenpunch (SoMe)<\/a><\/p>\n\n\n\n<p><a href=\"https:\/\/zqdhnp.podcaster.de\/sgmr\/musiknah-28-fred-denote-stage-talent-der-woche\/\" target=\"_blank\" rel=\"noreferrer noopener\">MusikNah #28 &#8211; Stagetalent der Woche (Podcast)<\/a><\/p>\n\n\n\n<p><a href=\"https:\/\/musikfreitag.com\/2024\/08\/25\/neue-musik-single-und-instant-grat-neuerscheinungen-23-8-2024\/\" target=\"_blank\" rel=\"noreferrer noopener\">MusikFreitag &#8211; Neue Singles (News)<\/a><\/p>\n\n\n\n<p><a href=\"https:\/\/mysoundmusic.com\/fred-denote-jumpin-jeck-flash-visionar\/\" target=\"_blank\" rel=\"noreferrer noopener\">MySoundMusic &#8211; Jumpin&#8216; Jeck Flash (Artikel)<\/a><\/p>\n","protected":false},"excerpt":{"rendered":"<p>K\u00f6lnische Rundschau &#8211; Was die k\u00f6lsche Musiklandschaft abseits der etablierten Bands zu bieten hat (Artikel) FluxFM &#8211; Radar (Radio) Radio Fritz &#8211; Dystopia (Radio) Rheinische Anzeigenbl\u00e4tter &#8211; K\u00f6lner Szenegr\u00f6\u00dfen bringen ihr Pulheimer Publikum in Wallung (Artikel) Loss Mer Singe 2025 &#8211; Auftritt (SoMe) Proberaumgefl\u00fcster Sparkasse \/ Paukenpunch (SoMe) MusikNah #28 &#8211; Stagetalent der Woche (Podcast) &hellip; <\/p>\n<p class=\"mt-4 mb-0 link-more\"><a href=\"http:\/\/freddenote.de\/index.php\/presse\/\" class=\"more-link py-2 px-3 text-white d-table\"><span class=\"screen-reader-text\">\u201ePRESSE\u201c<\/span> weiterlesen<\/a><\/p>\n","protected":false},"author":1,"featured_media":0,"parent":0,"menu_order":0,"comment_status":"closed","ping_status":"closed","template":"","meta":{"footnotes":""},"class_list":["post-188","page","type-page","status-publish","hentry"],"_links":{"self":[{"href":"http:\/\/freddenote.de\/index.php\/wp-json\/wp\/v2\/pages\/188","targetHints":{"allow":["GET"]}}],"collection":[{"href":"http:\/\/freddenote.de\/index.php\/wp-json\/wp\/v2\/pages"}],"about":[{"href":"http:\/\/freddenote.de\/index.php\/wp-json\/wp\/v2\/types\/page"}],"author":[{"embeddable":true,"href":"http:\/\/freddenote.de\/index.php\/wp-json\/wp\/v2\/users\/1"}],"replies":[{"embeddable":true,"href":"http:\/\/freddenote.de\/index.php\/wp-json\/wp\/v2\/comments?post=188"}],"version-history":[{"count":6,"href":"http:\/\/freddenote.de\/index.php\/wp-json\/wp\/v2\/pages\/188\/revisions"}],"predecessor-version":[{"id":197,"href":"http:\/\/freddenote.de\/index.php\/wp-json\/wp\/v2\/pages\/188\/revisions\/197"}],"wp:attachment":[{"href":"http:\/\/freddenote.de\/index.php\/wp-json\/wp\/v2\/media?parent=188"}],"curies":[{"name":"wp","href":"https:\/\/api.w.org\/{rel}","templated":true}]}}