{"id":150,"date":"2021-10-07T14:55:22","date_gmt":"2021-10-07T14:55:22","guid":{"rendered":"http:\/\/freddenote.de\/?page_id=150"},"modified":"2025-01-31T22:35:04","modified_gmt":"2025-01-31T22:35:04","slug":"impressum","status":"publish","type":"page","link":"https:\/\/freddenote.de\/index.php\/impressum\/","title":{"rendered":"IMPRESSUM"},"content":{"rendered":"<p align=\"left\">Verantwortungsbereich:<br \/>\nDas Impressum gilt f\u00fcr alle Seiten, die direkt auf dieses Impressum verlinken, angef\u00fchrt unter www.frederikbraun-online.de!<\/p>\n<p align=\"left\">Abgrenzung:<br \/>\nMit Urteil vom 12. Mai 1998 hat das Landgericht Hamburg entschieden, dass man durch die Anbringung eines Links die Inhalte der gelinkten Seite ggf. mit zu verantworten hat. Dies kann &#8211; so das LG &#8211; nur dadurch verhindert werden, dass man sich ausdr\u00fccklich von diesen Inhalten distanziert. Diese Web-Pr\u00e4senz ist Teil des WWW und dementsprechend mit fremden, sich jederzeit wandeln k\u00f6nnenden Web-Sites verkn\u00fcpft, die folglich auch nicht diesem Verantwortungsbereich unterliegen und f\u00fcr die nachfolgende Informationen nicht gelten. Der Betreiber dieser Website distanziert sich hiermit ausdr\u00fccklich von den Inhalten entsprechender auf dieser Website verlinkter Seiten Dritter. Dass die Links weder gegen Sitten noch Gesetze versto\u00dfen, wurde genau ein mal gepr\u00fcft, bevor sie hier aufgenommen wurden.<\/p>\n<p align=\"left\">Verantwortliche Ansprechperson:<br \/>\nFrederik Braun<\/p>\n<p align=\"left\">Anschrift:<br \/>\nHeinrichstr. 5<br \/>\n50259 Pulheim<\/p>\n<p align=\"left\">ektronische Postadresse:<br \/>\nkontakt@freddenote.de<\/p>\n<p align=\"left\">Zweck dieses Webprojektes:<br \/>\nInformationen \u00fcber Produktion und Person; Angebot von selbsterstellten Filmen zum kostenlosen Download<\/p>\n<p align=\"left\">Urheberschutz und Nutzung:<br \/>\nDer Urheber r\u00e4umt Ihnen ganz konkret das Nutzungsrecht ein, sich eine private Kopie f\u00fcr pers\u00f6nliche Zwecke anzufertigen. Nicht berechtigt sind Sie dagegen, die Materialien zu ver\u00e4ndern. Die kostenlose Weitergabe an Dritte ist gestattet, sofern die vorliegenden Daten in der vom Betreiber dieser Website ver\u00f6ffentlichten Form erhalten bleiben. Die Ver\u00f6ffentlichung der Materialien auf anderen Websites ist nach Absprache via E-Mail ebenfalls m\u00f6glich. Direktes Verlinken auf die Materialien dieser Website ohne Erlaubnis des Betreibers ist verboten. Der Verkauf jegweder Materialien in Form von Bild, Video und Ton oder Texten in Scriptform ist nicht gestattet. Der Betreiber selbst wird f\u00fcr die hier angebotenen Videos und Filme keinerlei Geb\u00fchren erheben. Sollten Sie f\u00fcr eines der hier gezeigten Projekte Geld gezahlt haben, so melden Sie dies bitte unverz\u00fcglich dem Betreiber dieser Website. Davon ausgeschlossen sind Kosten f\u00fcr den Postversand, Materialverbrauch und Verpackung f\u00fcr den Versand von hochaufl\u00f6senden Versionen der hier ver\u00f6ffentlichten Materialien. Dies findet nur nach Absprache mit dem Betreiber dieser Website statt und muss ausdr\u00fccklich vom Besucher in dieser Form angefordert worden sein.Wenn nicht ausdr\u00fccklich anders vermerkt, liegen die Urheberrechte f\u00fcr Texte bei: Frederik Braun<\/p>\n<p align=\"left\">Wenn nicht ausdr\u00fccklich anders vermerkt, liegen die Urheberrechte f\u00fcr Illustrationen bei: Frederik Braun<\/p>\n<p align=\"left\">Datenschutz:<br \/>\nPersonenbezogene Daten werden nur mit Ihrem Wissen und Ihrer Einwilligung erhoben. Auf Antrag erhalten Sie unentgeltlich Auskunft zu den \u00fcber Sie gespeicherten personenbezogenen Daten.<br \/>\nWenden Sie sich dazu bitte an: Frederik Braun, kontakt@freddenote.de<\/p>\n<p align=\"left\">Keine Haftung:<br \/>\nDie Inhalte dieses Webprojektes wurden sorgf\u00e4ltig gepr\u00fcft und nach bestem Wissen erstellt. Aber f\u00fcr die hier dargebotenen Informationen wird kein Anspruch auf Vollst\u00e4ndigkeit, Aktualit\u00e4t, Qualit\u00e4t und Richtigkeit erhoben. Es kann keine Verantwortung f\u00fcr Sch\u00e4den \u00fcbernommen werden, die durch das Vertrauen auf die Inhalte dieser Website oder deren Gebrauch entstehen.Schutzrechtsverletzung: Falls Sie vermuten, dass von dieser Website aus eines Ihrer Schutzrechte verletzt wird, teilen Sie das bitte umgehend per elektronischer Post mit, damit z\u00fcgig Abhilfe geschafft werden kann.<\/p>\n<p align=\"left\">Bitte nehmen Sie zur Kenntnis: Die zeitaufwendigere Einschaltung eines Anwaltes zur f\u00fcr den Diensteanbieter kostenpflichtigen Abmahnung entspricht nicht dessen wirklichen oder mutma\u00dflichen Willen.<\/p>\n","protected":false},"excerpt":{"rendered":"<p>Verantwortungsbereich: Das Impressum gilt f\u00fcr alle Seiten, die direkt auf dieses Impressum verlinken, angef\u00fchrt unter www.frederikbraun-online.de! Abgrenzung: Mit Urteil vom 12. Mai 1998 hat das Landgericht Hamburg entschieden, dass man durch die Anbringung eines Links die Inhalte der gelinkten Seite ggf. mit zu verantworten hat. Dies kann &#8211; so das LG &#8211; nur dadurch verhindert &hellip; <\/p>\n<p class=\"mt-4 mb-0 link-more\"><a href=\"https:\/\/freddenote.de\/index.php\/impressum\/\" class=\"more-link py-2 px-3 text-white d-table\"><span class=\"screen-reader-text\">\u201eIMPRESSUM\u201c<\/span> weiterlesen<\/a><\/p>\n","protected":false},"author":1,"featured_media":0,"parent":0,"menu_order":0,"comment_status":"closed","ping_status":"closed","template":"","meta":{"footnotes":""},"class_list":["post-150","page","type-page","status-publish","hentry"],"_links":{"self":[{"href":"https:\/\/freddenote.de\/index.php\/wp-json\/wp\/v2\/pages\/150","targetHints":{"allow":["GET"]}}],"collection":[{"href":"https:\/\/freddenote.de\/index.php\/wp-json\/wp\/v2\/pages"}],"about":[{"href":"https:\/\/freddenote.de\/index.php\/wp-json\/wp\/v2\/types\/page"}],"author":[{"embeddable":true,"href":"https:\/\/freddenote.de\/index.php\/wp-json\/wp\/v2\/users\/1"}],"replies":[{"embeddable":true,"href":"https:\/\/freddenote.de\/index.php\/wp-json\/wp\/v2\/comments?post=150"}],"version-history":[{"count":2,"href":"https:\/\/freddenote.de\/index.php\/wp-json\/wp\/v2\/pages\/150\/revisions"}],"predecessor-version":[{"id":173,"href":"https:\/\/freddenote.de\/index.php\/wp-json\/wp\/v2\/pages\/150\/revisions\/173"}],"wp:attachment":[{"href":"https:\/\/freddenote.de\/index.php\/wp-json\/wp\/v2\/media?parent=150"}],"curies":[{"name":"wp","href":"https:\/\/api.w.org\/{rel}","templated":true}]}}