{"id":22,"date":"2017-04-23T18:12:54","date_gmt":"2017-04-23T18:12:54","guid":{"rendered":"http:\/\/freddenote.de\/wordpress\/?page_id=22"},"modified":"2025-06-04T11:36:31","modified_gmt":"2025-06-04T11:36:31","slug":"home","status":"publish","type":"page","link":"https:\/\/freddenote.de\/","title":{"rendered":"HOME"},"content":{"rendered":"<p><strong>Im smarten Alter von 6 Jahren bekommt Lil Fred das erste Mal eine Gitarre in die Hand gedr\u00fcckt, in Teenie-Jahren entdeckt er den Hip-Hop und beginnt bereits im Kinderzimmer erste Songs zu recorden.<\/strong><\/p>\n<p><strong>2016 releast er den ersten Track f\u00fcr die \u00d6ffentlichkeit, ein Jahr sp\u00e4ter folgt das Deb\u00fct-Album. Mittlerweile bewegt sich der geb\u00fcrtige K\u00f6lner vor allem zwischen (k\u00f6lschen) Sommer-Hits und Gitarren-lastiger Cross-Over-Musik. Gemeinsam mit Multiinstrumentalist NO.mad900 hat Fred Denote bisher drei Alben produziert &#8211; zuletzt &#8222;JUMPIN&#8216; JECK FLASH&#8220; &#8211; auf denen er neben Rap und Gesang auch die Klampfe schwingt.<\/strong><\/p>\n<p><strong>Die Hits &#8222;COLONIA&#8220; (feat. Inspecta &amp; MC Cologne) und &#8222;LEBE LEGEND\u00c4R&#8220; (feat. Michael Caliman) z\u00e4hlen zu seinen bisher meistgestreamtesten Liedern.<\/strong><\/p>\n<p><strong>Aktuell arbeitet Fred Denote an einer EP und diversen k\u00f6lschen Single-Projekten. Er ist zudem Mitglied des Hip-Hop-Duos PAUKENPUNCH, an der Seite von seinem guten Freund und Rap-Kollegen Johnny Clap.<\/strong><\/p>\n<p>&nbsp;<\/p>\n<p style=\"text-align: center;\"><iframe src=\"https:\/\/open.spotify.com\/embed\/user\/freddenote\/playlist\/0PgkxdYIZQKK0vgVxlotXY\" frameborder=\"0\"><\/iframe><\/p>\n<div class=\"video-container\"><iframe loading=\"lazy\" src=\"https:\/\/www.youtube.com\/embed\/videoseries?list=PLlsR3FS535PeUfsgRvEv_jl2R9Kt3ex0d\" width=\"804\" height=\"430\" frameborder=\"0\" allowfullscreen=\"allowfullscreen\"><\/iframe><\/div>\n<p style=\"text-align: center;\"><a href=\"http:\/\/freddenote.de\/index.php\/impressum\/\">Impressum<\/a><\/p>\n","protected":false},"excerpt":{"rendered":"<p>Im smarten Alter von 6 Jahren bekommt Lil Fred das erste Mal eine Gitarre in die Hand gedr\u00fcckt, in Teenie-Jahren entdeckt er den Hip-Hop und beginnt bereits im Kinderzimmer erste Songs zu recorden. 2016 releast er den ersten Track f\u00fcr die \u00d6ffentlichkeit, ein Jahr sp\u00e4ter folgt das Deb\u00fct-Album. Mittlerweile bewegt sich der geb\u00fcrtige K\u00f6lner vor &hellip; <\/p>\n<p class=\"mt-4 mb-0 link-more\"><a href=\"https:\/\/freddenote.de\/\" class=\"more-link py-2 px-3 text-white d-table\"><span class=\"screen-reader-text\">\u201eHOME\u201c<\/span> weiterlesen<\/a><\/p>\n","protected":false},"author":1,"featured_media":0,"parent":0,"menu_order":0,"comment_status":"closed","ping_status":"closed","template":"","meta":{"footnotes":""},"class_list":["post-22","page","type-page","status-publish","hentry"],"_links":{"self":[{"href":"https:\/\/freddenote.de\/index.php\/wp-json\/wp\/v2\/pages\/22","targetHints":{"allow":["GET"]}}],"collection":[{"href":"https:\/\/freddenote.de\/index.php\/wp-json\/wp\/v2\/pages"}],"about":[{"href":"https:\/\/freddenote.de\/index.php\/wp-json\/wp\/v2\/types\/page"}],"author":[{"embeddable":true,"href":"https:\/\/freddenote.de\/index.php\/wp-json\/wp\/v2\/users\/1"}],"replies":[{"embeddable":true,"href":"https:\/\/freddenote.de\/index.php\/wp-json\/wp\/v2\/comments?post=22"}],"version-history":[{"count":61,"href":"https:\/\/freddenote.de\/index.php\/wp-json\/wp\/v2\/pages\/22\/revisions"}],"predecessor-version":[{"id":183,"href":"https:\/\/freddenote.de\/index.php\/wp-json\/wp\/v2\/pages\/22\/revisions\/183"}],"wp:attachment":[{"href":"https:\/\/freddenote.de\/index.php\/wp-json\/wp\/v2\/media?parent=22"}],"curies":[{"name":"wp","href":"https:\/\/api.w.org\/{rel}","templated":true}]}}